{"id":626,"date":"2021-10-13T22:24:12","date_gmt":"2021-10-13T20:24:12","guid":{"rendered":"https:\/\/www.elen.krounix.org\/?page_id=626"},"modified":"2021-12-02T23:42:57","modified_gmt":"2021-12-02T22:42:57","slug":"podcasts","status":"publish","type":"page","link":"https:\/\/www.elen.krounix.org\/index.php\/podcasts\/","title":{"rendered":"Podcasts"},"content":{"rendered":"\t\t\t<style type=\"text\/css\"><\/style>\n\t\t\t<div id=\"pp-podcast-201\" class=\"pp-podcast has-header header-hidden has-featured playerview media-audio\"  data-teaser=\"\" data-elength=\"18\" data-eunit=\"\" data-ppsdata=\"{&quot;load_info&quot;:{&quot;loaded&quot;:0,&quot;displayed&quot;:10,&quot;offset&quot;:0,&quot;maxItems&quot;:24,&quot;src&quot;:&quot;b3a170e1ff5fb5405c9021a111984385&quot;,&quot;step&quot;:10,&quot;sortby&quot;:&quot;sort_date_desc&quot;,&quot;filterby&quot;:&quot;&quot;,&quot;fixed&quot;:&quot;&quot;,&quot;args&quot;:{&quot;imgurl&quot;:&quot;https:\\\/\\\/d3t3ozftmdmh3i.cloudfront.net\\\/production\\\/podcast_uploaded_nologo\\\/18598161\\\/18598161-1634155394732-54b34290e64a4.jpg&quot;,&quot;imgset&quot;:&quot;&quot;,&quot;display&quot;:&quot;&quot;,&quot;hddesc&quot;:0,&quot;hdfeat&quot;:0,&quot;oricov&quot;:&quot;https:\\\/\\\/d3t3ozftmdmh3i.cloudfront.net\\\/production\\\/podcast_uploaded_nologo\\\/18598161\\\/18598161-1634155394732-54b34290e64a4.jpg&quot;,&quot;elength&quot;:18}},&quot;rdata&quot;:{&quot;permalink&quot;:&quot;https:\\\/\\\/www.elen.krounix.org\\\/wp-json\\\/wp\\\/v2\\\/pages\\\/626&quot;,&quot;fprint&quot;:&quot;b3a170e1ff5fb5405c9021a111984385&quot;,&quot;from&quot;:&quot;feedurl&quot;,&quot;elen&quot;:18,&quot;eunit&quot;:&quot;&quot;,&quot;teaser&quot;:&quot;&quot;,&quot;title&quot;:&quot;ELEN&quot;}}\"><div class=\"pp-podcast__wrapper\"><div class=\"pp-podcast__info pod-info\"><div class=\"pod-info__header pod-header\"><div class=\"pod-header__image\"><div class=\"pod-header__image-wrapper\"><img class=\"podcast-cover-image\" src=\"https:\/\/d3t3ozftmdmh3i.cloudfront.net\/production\/podcast_uploaded_nologo\/18598161\/18598161-1634155394732-54b34290e64a4.jpg\" srcset=\"\" sizes=\"(max-width: 640px) 100vw, 25vw\" alt=\"ELEN\"><\/div><span class=\"pod-header__image-style\" style=\"display: block; width: 100%; padding-top: 100%\"><\/div><div class=\"pod-header__items pod-items\"><div class=\"pod-items__title\">ELEN<\/div><div class=\"pod-items__desc\"><p>Master \u00c9critures, Lettres &amp; \u00c9ditions Num\u00e9riques<br \/>\nFacult\u00e9 des Lettres &amp; Sciences Humaines<br \/>\nInstitut Catholique de Lille<\/p>\n<\/div><\/div><\/div><\/div><div class=\"pp-podcast__content pod-content\"><div class=\"pp-podcast__single\"><div class=\"pp-podcast__player\"><div class=\"pp-player-episode\"><audio id=\"pp-podcast-201-player\" preload=\"none\" class=\"pp-podcast-episode hide-audio\" style=\"width: 100%;\" controls=\"controls\"><source type=\"audio\/mpeg\" src=\"8e04aeaca2d40df93977e10176900c94\" \/><\/audio><\/div><\/div><div class=\"pod-content__episode episode-single\"><button class=\"episode-single__close\" aria-expanded=\"false\" aria-label=\"Close Single Episode\"><span class=\"btn-icon-wrap\"><svg class=\"icon icon-pp-x\" aria-hidden=\"true\" role=\"img\" focusable=\"false\"><use href=\"#icon-pp-x\" xlink:href=\"#icon-pp-x\"><\/use><\/svg><\/span><\/button><div class=\"episode-single__wrapper\"><div class=\"episode-single__header\"><div class=\"episode-single__title\">Test MI<\/div><div class=\"episode-single__author\"><span class=\"byname\">by<\/span><span class=\"single-author\">Elen Krounix<\/span><\/div><\/div><div class=\"episode-single__description\"><p>Test MI<\/p><\/div><\/div><div class=\"ppjs__img-wrapper \"><div class=\"ppjs__img-btn-cover\"><img class=\"ppjs__img-btn\" src=\"https:\/\/d3t3ozftmdmh3i.cloudfront.net\/production\/podcast_uploaded_nologo\/18598161\/18598161-1634155394732-54b34290e64a4.jpg\" srcset=\"\" sizes=\"(max-width: 640px) 100vw, 300px\" alt=\"Test MI\"><\/div><span class=\"ppjs__img-btn-style\" style=\"display: block; width: 100%; padding-top: 100%\"><\/div><\/div><\/div><div class=\"pod-content__list episode-list\"><div class=\"episode-list__filters\"><div class=\"episode-list__search\"><label class=\"label-episode-search\"><span class=\"ppjs__offscreen\">Search Episodes<\/span><input type=\"text\" placeholder=\"Search Episodes\" title=\"Search Podcast Episodes\"\/><\/label><span class=\"episode-list__search-icon\"><svg class=\"icon icon-pp-search\" aria-hidden=\"true\" role=\"img\" focusable=\"false\"><use href=\"#icon-pp-search\" xlink:href=\"#icon-pp-search\"><\/use><\/svg><\/span><\/div><button class=\"episode-list__clear-search pod-button\"><svg class=\"icon icon-pp-x\" aria-hidden=\"true\" role=\"img\" focusable=\"false\"><use href=\"#icon-pp-x\" xlink:href=\"#icon-pp-x\"><\/use><\/svg><span class=\"ppjs__offscreen\">Clear Search<\/span><\/button><\/div><div class=\"episode-list__wrapper\">\n<div id=\"ppe-201-1\" class=\"episode-list__entry pod-entry\" data-search-term=\"test mi\" data-cats=\"\">\n\t<div class=\"pod-entry__wrapper\">\n\t\t<div class=\"pod-entry__content\">\n\t\t\t<div class=\"pod-entry__title\">\n\t\t\t\t<a href=\"https:\/\/podcasters.spotify.com\/pod\/show\/elen-krounix\/episodes\/Test-MI-e2d8rup\">Test MI<\/a>\n\t\t\t<\/div>\n\t\t\t<div class=\"pod-entry__date\">14 d\u00e9cembre 2023<\/div>\n\t\t\t\t\t\t\t<div class=\"pod-entry__author\">Elen Krounix<\/div>\n\t\t\t\t\t<\/div>\n\t<\/div>\n<\/div>\n\n<div id=\"ppe-201-2\" class=\"episode-list__entry pod-entry\" data-search-term=\"\u00ab\u00a0\u00c0 contretemps\u00a0\u00bb s2.e3 &#8211; timour muhidine\" data-cats=\"\">\n\t<div class=\"pod-entry__wrapper\">\n\t\t<div class=\"pod-entry__content\">\n\t\t\t<div class=\"pod-entry__title\">\n\t\t\t\t<a href=\"https:\/\/podcasters.spotify.com\/pod\/show\/elen-krounix\/episodes\/Contretemps-S2-E3---Timour-Muhidine-e22u5oe\">\u00ab\u00a0\u00c0 Contretemps\u00a0\u00bb S2.E3 &#8211; Timour Muhidine<\/a>\n\t\t\t<\/div>\n\t\t\t<div class=\"pod-entry__date\">24 avril 2023<\/div>\n\t\t\t\t\t\t\t<div class=\"pod-entry__author\">Elen Krounix<\/div>\n\t\t\t\t\t<\/div>\n\t<\/div>\n<\/div>\n\n<div id=\"ppe-201-3\" class=\"episode-list__entry pod-entry\" data-search-term=\"\u00ab\u00a0a contretemps\u00a0\u00bb &#8211; sarah rigaud\" data-cats=\"\">\n\t<div class=\"pod-entry__wrapper\">\n\t\t<div class=\"pod-entry__content\">\n\t\t\t<div class=\"pod-entry__title\">\n\t\t\t\t<a href=\"https:\/\/podcasters.spotify.com\/pod\/show\/elen-krounix\/episodes\/A-Contretemps---Sarah-Rigaud-e22nb53\">\u00ab\u00a0A Contretemps\u00a0\u00bb &#8211; Sarah Rigaud<\/a>\n\t\t\t<\/div>\n\t\t\t<div class=\"pod-entry__date\">20 avril 2023<\/div>\n\t\t\t\t\t\t\t<div class=\"pod-entry__author\">Elen Krounix<\/div>\n\t\t\t\t\t<\/div>\n\t<\/div>\n<\/div>\n\n<div id=\"ppe-201-4\" class=\"episode-list__entry pod-entry\" data-search-term=\"\u00ab\u00a0\u00c0 contretemps\u00a0\u00bb s2.e1 &#8211; katharina loix\" data-cats=\"\">\n\t<div class=\"pod-entry__wrapper\">\n\t\t<div class=\"pod-entry__content\">\n\t\t\t<div class=\"pod-entry__title\">\n\t\t\t\t<a href=\"https:\/\/podcasters.spotify.com\/pod\/show\/elen-krounix\/episodes\/contretemps-S2-E1---Katharina-Loix-e20u564\">\u00ab\u00a0\u00c0 contretemps\u00a0\u00bb S2.E1 &#8211; Katharina Loix<\/a>\n\t\t\t<\/div>\n\t\t\t<div class=\"pod-entry__date\">22 mars 2023<\/div>\n\t\t\t\t\t\t\t<div class=\"pod-entry__author\">Elen Krounix<\/div>\n\t\t\t\t\t<\/div>\n\t<\/div>\n<\/div>\n\n<div id=\"ppe-201-5\" class=\"episode-list__entry pod-entry\" data-search-term=\"\u00ab\u00a0\u00c0 contretemps\u00a0\u00bb \u00e9pisode 7 \u2013 jean-paul hirsch\" data-cats=\"\">\n\t<div class=\"pod-entry__wrapper\">\n\t\t<div class=\"pod-entry__content\">\n\t\t\t<div class=\"pod-entry__title\">\n\t\t\t\t<a href=\"https:\/\/podcasters.spotify.com\/pod\/show\/elen-krounix\/episodes\/Contretemps-pisode-7--Jean-Paul-Hirsch-e1qd2rg\">\u00ab\u00a0\u00c0 Contretemps\u00a0\u00bb \u00e9pisode 7 \u2013 Jean-Paul Hirsch<\/a>\n\t\t\t<\/div>\n\t\t\t<div class=\"pod-entry__date\">7 novembre 2022<\/div>\n\t\t\t\t\t\t\t<div class=\"pod-entry__author\">Elen Krounix<\/div>\n\t\t\t\t\t<\/div>\n\t<\/div>\n<\/div>\n\n<div id=\"ppe-201-6\" class=\"episode-list__entry pod-entry\" data-search-term=\"\u00ab\u00a0\u00c0 contretemps\u00a0\u00bb \u00e9pisode 6 \u2013 gilles paris\" data-cats=\"\">\n\t<div class=\"pod-entry__wrapper\">\n\t\t<div class=\"pod-entry__content\">\n\t\t\t<div class=\"pod-entry__title\">\n\t\t\t\t<a href=\"https:\/\/podcasters.spotify.com\/pod\/show\/elen-krounix\/episodes\/Contretemps-pisode-6--Gilles-Paris-e1qd1dg\">\u00ab\u00a0\u00c0 Contretemps\u00a0\u00bb \u00e9pisode 6 \u2013 Gilles Paris<\/a>\n\t\t\t<\/div>\n\t\t\t<div class=\"pod-entry__date\">7 novembre 2022<\/div>\n\t\t\t\t\t\t\t<div class=\"pod-entry__author\">Elen Krounix<\/div>\n\t\t\t\t\t<\/div>\n\t<\/div>\n<\/div>\n\n<div id=\"ppe-201-7\" class=\"episode-list__entry pod-entry\" data-search-term=\"\u00ab\u00a0\u00c0 contretemps\u00a0\u00bb \u00e9pisode 5 &#8211; gwena\u00eblle abolivier\" data-cats=\"\">\n\t<div class=\"pod-entry__wrapper\">\n\t\t<div class=\"pod-entry__content\">\n\t\t\t<div class=\"pod-entry__title\">\n\t\t\t\t<a href=\"https:\/\/podcasters.spotify.com\/pod\/show\/elen-krounix\/episodes\/Contretemps-pisode-5---Gwenalle-Abolivier-e1dg2fm\">\u00ab\u00a0\u00c0 Contretemps\u00a0\u00bb \u00e9pisode 5 &#8211; Gwena\u00eblle Abolivier<\/a>\n\t\t\t<\/div>\n\t\t\t<div class=\"pod-entry__date\">26 janvier 2022<\/div>\n\t\t\t\t\t\t\t<div class=\"pod-entry__author\">Elen Krounix<\/div>\n\t\t\t\t\t<\/div>\n\t<\/div>\n<\/div>\n\n<div id=\"ppe-201-8\" class=\"episode-list__entry pod-entry\" data-search-term=\"\u00ab\u00a0\u00c0 contretemps\u00a0\u00bb \u00e9pisode 4 &#8211; camille de la nouvelle librairie v.o.\" data-cats=\"\">\n\t<div class=\"pod-entry__wrapper\">\n\t\t<div class=\"pod-entry__content\">\n\t\t\t<div class=\"pod-entry__title\">\n\t\t\t\t<a href=\"https:\/\/podcasters.spotify.com\/pod\/show\/elen-krounix\/episodes\/Contretemps-pisode-4---Camille-de-la-Nouvelle-librairie-V-O-e1dg2ak\">\u00ab\u00a0\u00c0 Contretemps\u00a0\u00bb \u00e9pisode 4 &#8211; Camille de la Nouvelle librairie V.O.<\/a>\n\t\t\t<\/div>\n\t\t\t<div class=\"pod-entry__date\">26 janvier 2022<\/div>\n\t\t\t\t\t\t\t<div class=\"pod-entry__author\">Elen Krounix<\/div>\n\t\t\t\t\t<\/div>\n\t<\/div>\n<\/div>\n\n<div id=\"ppe-201-9\" class=\"episode-list__entry pod-entry\" data-search-term=\"\u00ab\u00a0\u00c0 contretemps\u00a0\u00bb \u00e9pisode 3 &#8211; lucien x. polastron\" data-cats=\"\">\n\t<div class=\"pod-entry__wrapper\">\n\t\t<div class=\"pod-entry__content\">\n\t\t\t<div class=\"pod-entry__title\">\n\t\t\t\t<a href=\"https:\/\/podcasters.spotify.com\/pod\/show\/elen-krounix\/episodes\/Contretemps-pisode-3---Lucien-X--Polastron-e1dg26v\">\u00ab\u00a0\u00c0 Contretemps\u00a0\u00bb \u00e9pisode 3 &#8211; Lucien X. Polastron<\/a>\n\t\t\t<\/div>\n\t\t\t<div class=\"pod-entry__date\">26 janvier 2022<\/div>\n\t\t\t\t\t\t\t<div class=\"pod-entry__author\">Elen Krounix<\/div>\n\t\t\t\t\t<\/div>\n\t<\/div>\n<\/div>\n\n<div id=\"ppe-201-10\" class=\"episode-list__entry pod-entry\" data-search-term=\"\u00ab\u00a0\u00c0 contretemps\u00a0\u00bb \u00e9pisode 2 &#8211; olivier b\u00e9rut\" data-cats=\"\">\n\t<div class=\"pod-entry__wrapper\">\n\t\t<div class=\"pod-entry__content\">\n\t\t\t<div class=\"pod-entry__title\">\n\t\t\t\t<a href=\"https:\/\/podcasters.spotify.com\/pod\/show\/elen-krounix\/episodes\/Contretemps-pisode-2---Olivier-Brut-e1dg249\">\u00ab\u00a0\u00c0 Contretemps\u00a0\u00bb \u00e9pisode 2 &#8211; Olivier B\u00e9rut<\/a>\n\t\t\t<\/div>\n\t\t\t<div class=\"pod-entry__date\">26 janvier 2022<\/div>\n\t\t\t\t\t\t\t<div class=\"pod-entry__author\">Elen Krounix<\/div>\n\t\t\t\t\t<\/div>\n\t<\/div>\n<\/div>\n<div class=\"lm-button-wrapper\"><button class=\"episode-list__load-more\"><span>Load More<\/span><\/button><\/div><div class=\"episode-list__search-results episode-search\"><span class=\"ppjs__offscreen\">Search Results placeholder<\/span><\/div><\/div><\/div><div class=\"ppjs__list-reveal\"><div class=\"ppjs__button\"><button class=\"pp-prev-btn\"><span class=\"ppjs__offscreen\">Previous Episode<\/span><span class=\"btn-icon-wrap\"><svg class=\"icon icon-pp-previous\" aria-hidden=\"true\" role=\"img\" focusable=\"false\"><use href=\"#icon-pp-previous\" xlink:href=\"#icon-pp-previous\"><\/use><\/svg><\/span><\/button><\/div><div class=\"ppjs__button\"><button class=\"pp-list-btn\"><span class=\"ppjs__offscreen\">Show Episodes List<\/span><span class=\"btn-icon-wrap\"><svg class=\"icon icon-pp-show-list\" aria-hidden=\"true\" role=\"img\" focusable=\"false\"><use href=\"#icon-pp-show-list\" xlink:href=\"#icon-pp-show-list\"><\/use><\/svg><svg class=\"icon icon-pp-hide-list\" aria-hidden=\"true\" role=\"img\" focusable=\"false\"><use href=\"#icon-pp-hide-list\" xlink:href=\"#icon-pp-hide-list\"><\/use><\/svg><\/span><\/button><\/div><div class=\"ppjs__button\"><button class=\"pp-next-btn\"><span class=\"ppjs__offscreen\">Next Episode<\/span><span class=\"btn-icon-wrap\"><svg class=\"icon icon-pp-next\" aria-hidden=\"true\" role=\"img\" focusable=\"false\"><use href=\"#icon-pp-next\" xlink:href=\"#icon-pp-next\"><\/use><\/svg><\/span><\/button><\/div><\/div><\/div><\/div><div class=\"pod-content__launcher pod-launch\"><button class=\"pod-launch__button pod-launch__info pod-button\" aria-expanded=\"false\"><span class=\"ppjs__offscreen\">Show Podcast Information<\/span><span class=\"btn-icon-wrap\"><svg class=\"icon icon-pp-podcast\" aria-hidden=\"true\" role=\"img\" focusable=\"false\"><use href=\"#icon-pp-podcast\" xlink:href=\"#icon-pp-podcast\"><\/use><\/svg><svg class=\"icon icon-pp-x\" aria-hidden=\"true\" role=\"img\" focusable=\"false\"><use href=\"#icon-pp-x\" xlink:href=\"#icon-pp-x\"><\/use><\/svg><\/span><\/button><\/div><\/div>\n\n\n<p><\/p>\n","protected":false},"excerpt":{"rendered":"","protected":false},"author":1,"featured_media":0,"parent":0,"menu_order":0,"comment_status":"closed","ping_status":"closed","template":"","meta":{"_bbp_topic_count":0,"_bbp_reply_count":0,"_bbp_total_topic_count":0,"_bbp_total_reply_count":0,"_bbp_voice_count":0,"_bbp_anonymous_reply_count":0,"_bbp_topic_count_hidden":0,"_bbp_reply_count_hidden":0,"_bbp_forum_subforum_count":0,"site-sidebar-layout":"default","site-content-layout":"default","ast-main-header-display":"","ast-hfb-above-header-display":"","ast-hfb-below-header-display":"","ast-hfb-mobile-header-display":"","site-post-title":"","ast-breadcrumbs-content":"","ast-featured-img":"","footer-sml-layout":"","theme-transparent-header-meta":"default","adv-header-id-meta":"","stick-header-meta":"","header-above-stick-meta":"","header-main-stick-meta":"","header-below-stick-meta":""},"yoast_head":"<!-- This site is optimized with the Yoast SEO plugin v17.7.1 - https:\/\/yoast.com\/wordpress\/plugins\/seo\/ -->\n<title>Podcasts - Le Roman actuel<\/title>\n<meta name=\"robots\" content=\"index, follow, max-snippet:-1, max-image-preview:large, max-video-preview:-1\" \/>\n<link rel=\"canonical\" href=\"https:\/\/www.elen.krounix.org\/index.php\/podcasts\/\" \/>\n<meta property=\"og:locale\" content=\"fr_FR\" \/>\n<meta property=\"og:type\" content=\"article\" \/>\n<meta property=\"og:title\" content=\"Podcasts - Le Roman actuel\" \/>\n<meta property=\"og:url\" content=\"https:\/\/www.elen.krounix.org\/index.php\/podcasts\/\" \/>\n<meta property=\"og:site_name\" content=\"Le Roman actuel\" \/>\n<meta property=\"article:modified_time\" content=\"2021-12-02T22:42:57+00:00\" \/>\n<meta name=\"twitter:card\" content=\"summary_large_image\" \/>\n<script type=\"application\/ld+json\" class=\"yoast-schema-graph\">{\"@context\":\"https:\/\/schema.org\",\"@graph\":[{\"@type\":\"WebSite\",\"@id\":\"https:\/\/www.elen.krounix.org\/#website\",\"url\":\"https:\/\/www.elen.krounix.org\/\",\"name\":\"Le Roman actuel\",\"description\":\"Master \\u00c9critures, Lettres &amp; \\u00c9ditions Num\\u00e9riques (ELEN)\",\"potentialAction\":[{\"@type\":\"SearchAction\",\"target\":{\"@type\":\"EntryPoint\",\"urlTemplate\":\"https:\/\/www.elen.krounix.org\/?s={search_term_string}\"},\"query-input\":\"required name=search_term_string\"}],\"inLanguage\":\"fr-FR\"},{\"@type\":\"WebPage\",\"@id\":\"https:\/\/www.elen.krounix.org\/index.php\/podcasts\/#webpage\",\"url\":\"https:\/\/www.elen.krounix.org\/index.php\/podcasts\/\",\"name\":\"Podcasts - Le Roman actuel\",\"isPartOf\":{\"@id\":\"https:\/\/www.elen.krounix.org\/#website\"},\"datePublished\":\"2021-10-13T20:24:12+00:00\",\"dateModified\":\"2021-12-02T22:42:57+00:00\",\"breadcrumb\":{\"@id\":\"https:\/\/www.elen.krounix.org\/index.php\/podcasts\/#breadcrumb\"},\"inLanguage\":\"fr-FR\",\"potentialAction\":[{\"@type\":\"ReadAction\",\"target\":[\"https:\/\/www.elen.krounix.org\/index.php\/podcasts\/\"]}]},{\"@type\":\"BreadcrumbList\",\"@id\":\"https:\/\/www.elen.krounix.org\/index.php\/podcasts\/#breadcrumb\",\"itemListElement\":[{\"@type\":\"ListItem\",\"position\":1,\"name\":\"Accueil\",\"item\":\"https:\/\/www.elen.krounix.org\/\"},{\"@type\":\"ListItem\",\"position\":2,\"name\":\"Podcasts\"}]}]}<\/script>\n<!-- \/ Yoast SEO plugin. -->","yoast_head_json":{"title":"Podcasts - Le Roman actuel","robots":{"index":"index","follow":"follow","max-snippet":"max-snippet:-1","max-image-preview":"max-image-preview:large","max-video-preview":"max-video-preview:-1"},"canonical":"https:\/\/www.elen.krounix.org\/index.php\/podcasts\/","og_locale":"fr_FR","og_type":"article","og_title":"Podcasts - Le Roman actuel","og_url":"https:\/\/www.elen.krounix.org\/index.php\/podcasts\/","og_site_name":"Le Roman actuel","article_modified_time":"2021-12-02T22:42:57+00:00","twitter_card":"summary_large_image","schema":{"@context":"https:\/\/schema.org","@graph":[{"@type":"WebSite","@id":"https:\/\/www.elen.krounix.org\/#website","url":"https:\/\/www.elen.krounix.org\/","name":"Le Roman actuel","description":"Master \u00c9critures, Lettres &amp; \u00c9ditions Num\u00e9riques (ELEN)","potentialAction":[{"@type":"SearchAction","target":{"@type":"EntryPoint","urlTemplate":"https:\/\/www.elen.krounix.org\/?s={search_term_string}"},"query-input":"required name=search_term_string"}],"inLanguage":"fr-FR"},{"@type":"WebPage","@id":"https:\/\/www.elen.krounix.org\/index.php\/podcasts\/#webpage","url":"https:\/\/www.elen.krounix.org\/index.php\/podcasts\/","name":"Podcasts - Le Roman actuel","isPartOf":{"@id":"https:\/\/www.elen.krounix.org\/#website"},"datePublished":"2021-10-13T20:24:12+00:00","dateModified":"2021-12-02T22:42:57+00:00","breadcrumb":{"@id":"https:\/\/www.elen.krounix.org\/index.php\/podcasts\/#breadcrumb"},"inLanguage":"fr-FR","potentialAction":[{"@type":"ReadAction","target":["https:\/\/www.elen.krounix.org\/index.php\/podcasts\/"]}]},{"@type":"BreadcrumbList","@id":"https:\/\/www.elen.krounix.org\/index.php\/podcasts\/#breadcrumb","itemListElement":[{"@type":"ListItem","position":1,"name":"Accueil","item":"https:\/\/www.elen.krounix.org\/"},{"@type":"ListItem","position":2,"name":"Podcasts"}]}]}},"_links":{"self":[{"href":"https:\/\/www.elen.krounix.org\/index.php\/wp-json\/wp\/v2\/pages\/626"}],"collection":[{"href":"https:\/\/www.elen.krounix.org\/index.php\/wp-json\/wp\/v2\/pages"}],"about":[{"href":"https:\/\/www.elen.krounix.org\/index.php\/wp-json\/wp\/v2\/types\/page"}],"author":[{"embeddable":true,"href":"https:\/\/www.elen.krounix.org\/index.php\/wp-json\/wp\/v2\/users\/1"}],"replies":[{"embeddable":true,"href":"https:\/\/www.elen.krounix.org\/index.php\/wp-json\/wp\/v2\/comments?post=626"}],"version-history":[{"count":8,"href":"https:\/\/www.elen.krounix.org\/index.php\/wp-json\/wp\/v2\/pages\/626\/revisions"}],"predecessor-version":[{"id":873,"href":"https:\/\/www.elen.krounix.org\/index.php\/wp-json\/wp\/v2\/pages\/626\/revisions\/873"}],"wp:attachment":[{"href":"https:\/\/www.elen.krounix.org\/index.php\/wp-json\/wp\/v2\/media?parent=626"}],"curies":[{"name":"wp","href":"https:\/\/api.w.org\/{rel}","templated":true}]}}